{"id":10925,"date":"2024-07-18T15:06:33","date_gmt":"2024-07-18T13:06:33","guid":{"rendered":"https:\/\/www.sud-evasion.com\/dipartimento-charente-maritime\/"},"modified":"2025-12-01T10:30:02","modified_gmt":"2025-12-01T09:30:02","slug":"dipartimento-charente-maritime","status":"publish","type":"page","link":"https:\/\/www.sud-evasion.com\/it\/dipartimento-charente-maritime\/","title":{"rendered":"Dipartimento: Charente-Maritime"},"content":{"rendered":"\t\t<div data-elementor-type=\"wp-page\" data-elementor-id=\"10925\" class=\"elementor elementor-10925 elementor-3399\">\n\t\t\t\t\t\t<section class=\"elementor-section elementor-top-section elementor-element elementor-element-64009ff4 elementor-section-boxed elementor-section-height-default elementor-section-height-default\" data-id=\"64009ff4\" data-element_type=\"section\" data-settings=\"{&quot;wdt_bg_image&quot;:{&quot;url&quot;:&quot;&quot;,&quot;id&quot;:&quot;&quot;,&quot;size&quot;:&quot;&quot;},&quot;wdt_bg_image_laptop&quot;:{&quot;url&quot;:&quot;&quot;,&quot;id&quot;:&quot;&quot;,&quot;size&quot;:&quot;&quot;},&quot;wdt_bg_image_tablet_extra&quot;:{&quot;url&quot;:&quot;&quot;,&quot;id&quot;:&quot;&quot;,&quot;size&quot;:&quot;&quot;},&quot;wdt_bg_image_tablet&quot;:{&quot;url&quot;:&quot;&quot;,&quot;id&quot;:&quot;&quot;,&quot;size&quot;:&quot;&quot;},&quot;wdt_bg_image_mobile_extra&quot;:{&quot;url&quot;:&quot;&quot;,&quot;id&quot;:&quot;&quot;,&quot;size&quot;:&quot;&quot;},&quot;wdt_bg_image_mobile&quot;:{&quot;url&quot;:&quot;&quot;,&quot;id&quot;:&quot;&quot;,&quot;size&quot;:&quot;&quot;},&quot;wdt_bg_position&quot;:&quot;center center&quot;,&quot;wdt_animation_effect&quot;:&quot;none&quot;}\">\n\t\t\t\t\t\t<div class=\"elementor-container elementor-column-gap-default\">\n\t\t\t\t\t<div class=\"elementor-column elementor-col-100 elementor-top-column elementor-element elementor-element-1c7dd21\" data-id=\"1c7dd21\" data-element_type=\"column\">\n\t\t\t<div class=\"elementor-widget-wrap\">\n\t\t\t\t\t\t\t<\/div>\n\t\t<\/div>\n\t\t\t\t\t<\/div>\n\t\t<\/section>\n\t\t\t\t<section class=\"elementor-section elementor-top-section elementor-element elementor-element-3b5c967 elementor-section-full_width wdt-overflow-hidden elementor-section-height-default elementor-section-height-default\" data-id=\"3b5c967\" data-element_type=\"section\" data-settings=\"{&quot;wdt_bg_image&quot;:{&quot;url&quot;:&quot;&quot;,&quot;id&quot;:&quot;&quot;,&quot;size&quot;:&quot;&quot;},&quot;wdt_bg_image_laptop&quot;:{&quot;url&quot;:&quot;&quot;,&quot;id&quot;:&quot;&quot;,&quot;size&quot;:&quot;&quot;},&quot;wdt_bg_image_tablet_extra&quot;:{&quot;url&quot;:&quot;&quot;,&quot;id&quot;:&quot;&quot;,&quot;size&quot;:&quot;&quot;},&quot;wdt_bg_image_tablet&quot;:{&quot;url&quot;:&quot;&quot;,&quot;id&quot;:&quot;&quot;,&quot;size&quot;:&quot;&quot;},&quot;wdt_bg_image_mobile_extra&quot;:{&quot;url&quot;:&quot;&quot;,&quot;id&quot;:&quot;&quot;,&quot;size&quot;:&quot;&quot;},&quot;wdt_bg_image_mobile&quot;:{&quot;url&quot;:&quot;&quot;,&quot;id&quot;:&quot;&quot;,&quot;size&quot;:&quot;&quot;},&quot;wdt_bg_position&quot;:&quot;center center&quot;,&quot;wdt_animation_effect&quot;:&quot;none&quot;}\">\n\t\t\t\t\t\t<div class=\"elementor-container elementor-column-gap-no\">\n\t\t\t\t\t<div class=\"elementor-column elementor-col-100 elementor-top-column elementor-element elementor-element-f3cdfd3\" data-id=\"f3cdfd3\" data-element_type=\"column\">\n\t\t\t<div class=\"elementor-widget-wrap elementor-element-populated\">\n\t\t\t\t\t\t<div class=\"elementor-element elementor-element-e8ab484 elementor-widget__width-auto elementor-absolute elementor-widget elementor-widget-image\" data-id=\"e8ab484\" data-element_type=\"widget\" data-settings=\"{&quot;_position&quot;:&quot;absolute&quot;,&quot;wdt_animation_effect&quot;:&quot;scroll&quot;,&quot;wdt_sle_parallax_y_direction&quot;:&quot;true&quot;,&quot;wdt_sle_parallax_y_depth&quot;:{&quot;unit&quot;:&quot;dpt&quot;,&quot;size&quot;:500,&quot;sizes&quot;:[]},&quot;wdt_sle_parallax_y_depth_laptop&quot;:{&quot;unit&quot;:&quot;px&quot;,&quot;size&quot;:&quot;&quot;,&quot;sizes&quot;:[]},&quot;wdt_sle_parallax_y_depth_tablet_extra&quot;:{&quot;unit&quot;:&quot;px&quot;,&quot;size&quot;:&quot;&quot;,&quot;sizes&quot;:[]},&quot;wdt_sle_parallax_y_depth_tablet&quot;:{&quot;unit&quot;:&quot;px&quot;,&quot;size&quot;:&quot;&quot;,&quot;sizes&quot;:[]},&quot;wdt_sle_parallax_y_depth_mobile_extra&quot;:{&quot;unit&quot;:&quot;px&quot;,&quot;size&quot;:&quot;&quot;,&quot;sizes&quot;:[]},&quot;wdt_sle_parallax_y_depth_mobile&quot;:{&quot;unit&quot;:&quot;px&quot;,&quot;size&quot;:&quot;&quot;,&quot;sizes&quot;:[]}}\" data-widget_type=\"image.default\">\n\t\t\t\t<div class=\"elementor-widget-container\">\n\t\t\t\t\t\t\t\t\t\t\t\t\t\t\t<img fetchpriority=\"high\" decoding=\"async\" width=\"864\" height=\"864\" src=\"https:\/\/www.sud-evasion.com\/wp-content\/uploads\/2023\/04\/line-bg-pattern.png\" class=\"attachment-full size-full wp-image-10724\" alt=\"Le nostre destinazioni\" srcset=\"https:\/\/www.sud-evasion.com\/wp-content\/uploads\/2023\/04\/line-bg-pattern.png 864w, https:\/\/www.sud-evasion.com\/wp-content\/uploads\/2023\/04\/line-bg-pattern-100x100.png 100w, https:\/\/www.sud-evasion.com\/wp-content\/uploads\/2023\/04\/line-bg-pattern-150x150.png 150w, https:\/\/www.sud-evasion.com\/wp-content\/uploads\/2023\/04\/line-bg-pattern-300x300.png 300w, https:\/\/www.sud-evasion.com\/wp-content\/uploads\/2023\/04\/line-bg-pattern-768x768.png 768w\" sizes=\"(max-width: 864px) 100vw, 864px\" \/>\t\t\t\t\t\t\t\t\t\t\t\t\t\t\t<\/div>\n\t\t\t\t<\/div>\n\t\t\t\t<div class=\"elementor-element elementor-element-ee0d35e elementor-widget__width-auto elementor-absolute elementor-widget elementor-widget-image\" data-id=\"ee0d35e\" data-element_type=\"widget\" data-settings=\"{&quot;_position&quot;:&quot;absolute&quot;,&quot;wdt_animation_effect&quot;:&quot;scroll&quot;,&quot;wdt_sle_parallax_y_direction&quot;:&quot;true&quot;,&quot;wdt_sle_parallax_y_depth&quot;:{&quot;unit&quot;:&quot;dpt&quot;,&quot;size&quot;:500,&quot;sizes&quot;:[]},&quot;wdt_sle_parallax_y_depth_laptop&quot;:{&quot;unit&quot;:&quot;px&quot;,&quot;size&quot;:&quot;&quot;,&quot;sizes&quot;:[]},&quot;wdt_sle_parallax_y_depth_tablet_extra&quot;:{&quot;unit&quot;:&quot;px&quot;,&quot;size&quot;:&quot;&quot;,&quot;sizes&quot;:[]},&quot;wdt_sle_parallax_y_depth_tablet&quot;:{&quot;unit&quot;:&quot;px&quot;,&quot;size&quot;:&quot;&quot;,&quot;sizes&quot;:[]},&quot;wdt_sle_parallax_y_depth_mobile_extra&quot;:{&quot;unit&quot;:&quot;px&quot;,&quot;size&quot;:&quot;&quot;,&quot;sizes&quot;:[]},&quot;wdt_sle_parallax_y_depth_mobile&quot;:{&quot;unit&quot;:&quot;px&quot;,&quot;size&quot;:&quot;&quot;,&quot;sizes&quot;:[]}}\" data-widget_type=\"image.default\">\n\t\t\t\t<div class=\"elementor-widget-container\">\n\t\t\t\t\t\t\t\t\t\t\t\t\t\t\t<img fetchpriority=\"high\" decoding=\"async\" width=\"864\" height=\"864\" src=\"https:\/\/www.sud-evasion.com\/wp-content\/uploads\/2023\/04\/line-bg-pattern.png\" class=\"attachment-full size-full wp-image-10724\" alt=\"Le nostre destinazioni\" srcset=\"https:\/\/www.sud-evasion.com\/wp-content\/uploads\/2023\/04\/line-bg-pattern.png 864w, https:\/\/www.sud-evasion.com\/wp-content\/uploads\/2023\/04\/line-bg-pattern-100x100.png 100w, https:\/\/www.sud-evasion.com\/wp-content\/uploads\/2023\/04\/line-bg-pattern-150x150.png 150w, https:\/\/www.sud-evasion.com\/wp-content\/uploads\/2023\/04\/line-bg-pattern-300x300.png 300w, https:\/\/www.sud-evasion.com\/wp-content\/uploads\/2023\/04\/line-bg-pattern-768x768.png 768w\" sizes=\"(max-width: 864px) 100vw, 864px\" \/>\t\t\t\t\t\t\t\t\t\t\t\t\t\t\t<\/div>\n\t\t\t\t<\/div>\n\t\t\t\t<section class=\"elementor-section elementor-inner-section elementor-element elementor-element-4a44629 elementor-section-boxed elementor-section-height-default elementor-section-height-default\" data-id=\"4a44629\" data-element_type=\"section\" data-settings=\"{&quot;wdt_bg_image&quot;:{&quot;url&quot;:&quot;&quot;,&quot;id&quot;:&quot;&quot;,&quot;size&quot;:&quot;&quot;},&quot;wdt_bg_image_laptop&quot;:{&quot;url&quot;:&quot;&quot;,&quot;id&quot;:&quot;&quot;,&quot;size&quot;:&quot;&quot;},&quot;wdt_bg_image_tablet_extra&quot;:{&quot;url&quot;:&quot;&quot;,&quot;id&quot;:&quot;&quot;,&quot;size&quot;:&quot;&quot;},&quot;wdt_bg_image_tablet&quot;:{&quot;url&quot;:&quot;&quot;,&quot;id&quot;:&quot;&quot;,&quot;size&quot;:&quot;&quot;},&quot;wdt_bg_image_mobile_extra&quot;:{&quot;url&quot;:&quot;&quot;,&quot;id&quot;:&quot;&quot;,&quot;size&quot;:&quot;&quot;},&quot;wdt_bg_image_mobile&quot;:{&quot;url&quot;:&quot;&quot;,&quot;id&quot;:&quot;&quot;,&quot;size&quot;:&quot;&quot;},&quot;wdt_bg_position&quot;:&quot;center center&quot;,&quot;wdt_animation_effect&quot;:&quot;none&quot;}\">\n\t\t\t\t\t\t<div class=\"elementor-container elementor-column-gap-no\">\n\t\t\t\t\t<div class=\"elementor-column elementor-col-100 elementor-inner-column elementor-element elementor-element-2ad5891\" data-id=\"2ad5891\" data-element_type=\"column\">\n\t\t\t<div class=\"elementor-widget-wrap elementor-element-populated\">\n\t\t\t\t\t\t<div class=\"elementor-element elementor-element-c7558b4 elementor-widget elementor-widget-wdt-heading\" data-id=\"c7558b4\" data-element_type=\"widget\" data-settings=\"{&quot;wdt_animation_effect&quot;:&quot;none&quot;}\" data-widget_type=\"wdt-heading.default\">\n\t\t\t\t<div class=\"elementor-widget-container\">\n\t\t\t\t\t<div class=\"wdt-heading-holder \" id=\"wdt-heading-c7558b4\"><div class=\"wdt-heading-background-text-wrapper\"><div class=\"wdt-heading-background-text\">Travel<\/div><\/div><div class=\"wdt-heading-subtitle-wrapper wdt-heading-align-default-align \"><span class=\"wdt-heading-subtitle\">Sud Evasion<\/span><\/div><h2 class=\"wdt-heading-title-wrapper wdt-heading-align-default-align wdt-heading-deco-wrapper\"><span class=\"wdt-heading-title\">Nos s\u00e9jours individuels :  d\u00e9part du 17<\/span><\/h2><\/div>\t\t\t\t<\/div>\n\t\t\t\t<\/div>\n\t\t\t\t\t<\/div>\n\t\t<\/div>\n\t\t\t\t\t<\/div>\n\t\t<\/section>\n\t\t\t\t<div class=\"elementor-element elementor-element-95a59ae elementor-widget__width-initial layoutCenterWrapper elementor-widget elementor-widget-dtdr-widget-df-listings-listing\" data-id=\"95a59ae\" data-element_type=\"widget\" data-settings=\"{&quot;wdt_animation_effect&quot;:&quot;none&quot;}\" data-widget_type=\"dtdr-widget-df-listings-listing.default\">\n\t\t\t\t<div class=\"elementor-widget-container\">\n\t\t\t\t\t<div class=\"dtdr-listing-output-data-container dtdr-direct-list-items dtdr-listing-no-map \"  ><div class=\"dtdr-listing-output-data-holder\" data-type=\"type10\" data-gallery=\"featured_image\" data-postperpage=\"\" data-columns=\"3\" data-applyisotope=\"false\" data-isotopefilter=\"\" data-applychildof=\"true\" data-featureditems=\"false\" data-featuresimageoricon=\"image\" data-featuresinclude=\"\" data-noofcattodisplay=\"3\" data-nooffeaturestodisplay=\"4\" data-excerptlength=\"20\" data-applyequalheight=\"false\" data-customoptions=\"{&quot;ad_items&quot;:&quot;&quot;,&quot;ad_location&quot;:&quot;listing&quot;}\" data-listitemids=\"\" data-categoryids=\"152\" data-citiesids=\"\" data-neighborhoodsids=\"\" data-countiesstatesids=\"\" data-contracttypesids=\"\" data-tagids=\"\" data-countryid=\"\" data-sellerids=\"\" data-inchargeids=\"\"><\/div><div class=\"dtdr-ajax-load-image \" style=\"display:none;\">\n\t\t\t\t\t\t<div class=\"dtdr-loader-inner\">\n\t\t\t\t\t\t<\/div>\n\t\t\t\t\t<\/div><\/div>\t\t\t\t<\/div>\n\t\t\t\t<\/div>\n\t\t\t\t\t<\/div>\n\t\t<\/div>\n\t\t\t\t\t<\/div>\n\t\t<\/section>\n\t\t\t\t<\/div>\n\t\t","protected":false},"excerpt":{"rendered":"<p>D\u00e9partement : Charente-MaritimeSud Evasion Nos s\u00e9jours individuels : d\u00e9part du 17<\/p>\n","protected":false},"author":2,"featured_media":0,"parent":0,"menu_order":0,"comment_status":"closed","ping_status":"closed","template":"elementor_header_footer","meta":{"footnotes":""},"class_list":["post-10925","page","type-page","status-publish","hentry"],"yoast_head":"<!-- This site is optimized with the Yoast SEO plugin v26.5 - https:\/\/yoast.com\/wordpress\/plugins\/seo\/ -->\n<title>Dipartimento: Charente-Maritime<\/title>\n<meta name=\"description\" content=\"D\u00e9partement : Charente-MaritimeSud EvasionNos s\u00e9jours individuels : d\u00e9part du 17\" \/>\n<meta name=\"robots\" content=\"index, follow, max-snippet:-1, max-image-preview:large, max-video-preview:-1\" \/>\n<link rel=\"canonical\" href=\"https:\/\/www.sud-evasion.com\/it\/dipartimento-charente-maritime\/\" \/>\n<meta property=\"og:locale\" content=\"it_IT\" \/>\n<meta property=\"og:type\" content=\"article\" \/>\n<meta property=\"og:title\" content=\"Dipartimento: Charente-Maritime\" \/>\n<meta property=\"og:description\" content=\"D\u00e9partement : Charente-MaritimeSud EvasionNos s\u00e9jours individuels : d\u00e9part du 17\" \/>\n<meta property=\"og:url\" content=\"https:\/\/www.sud-evasion.com\/it\/dipartimento-charente-maritime\/\" \/>\n<meta property=\"og:site_name\" content=\"sud evasion\" \/>\n<meta property=\"article:modified_time\" content=\"2025-12-01T09:30:02+00:00\" \/>\n<meta property=\"og:image\" content=\"https:\/\/www.sud-evasion.com\/wp-content\/uploads\/2023\/04\/line-bg-pattern.png\" \/>\n\t<meta property=\"og:image:width\" content=\"864\" \/>\n\t<meta property=\"og:image:height\" content=\"864\" \/>\n\t<meta property=\"og:image:type\" content=\"image\/png\" \/>\n<meta name=\"twitter:card\" content=\"summary_large_image\" \/>\n<script type=\"application\/ld+json\" class=\"yoast-schema-graph\">{\"@context\":\"https:\/\/schema.org\",\"@graph\":[{\"@type\":\"WebPage\",\"@id\":\"https:\/\/www.sud-evasion.com\/it\/dipartimento-charente-maritime\/\",\"url\":\"https:\/\/www.sud-evasion.com\/it\/dipartimento-charente-maritime\/\",\"name\":\"Dipartimento: Charente-Maritime\",\"isPartOf\":{\"@id\":\"https:\/\/www.sud-evasion.com\/it\/#website\"},\"primaryImageOfPage\":{\"@id\":\"https:\/\/www.sud-evasion.com\/it\/dipartimento-charente-maritime\/#primaryimage\"},\"image\":{\"@id\":\"https:\/\/www.sud-evasion.com\/it\/dipartimento-charente-maritime\/#primaryimage\"},\"thumbnailUrl\":\"https:\/\/www.sud-evasion.com\/wp-content\/uploads\/2023\/04\/line-bg-pattern.png\",\"datePublished\":\"2024-07-18T13:06:33+00:00\",\"dateModified\":\"2025-12-01T09:30:02+00:00\",\"description\":\"D\u00e9partement : Charente-MaritimeSud EvasionNos s\u00e9jours individuels : d\u00e9part du 17\",\"breadcrumb\":{\"@id\":\"https:\/\/www.sud-evasion.com\/it\/dipartimento-charente-maritime\/#breadcrumb\"},\"inLanguage\":\"it-IT\",\"potentialAction\":[{\"@type\":\"ReadAction\",\"target\":[\"https:\/\/www.sud-evasion.com\/it\/dipartimento-charente-maritime\/\"]}]},{\"@type\":\"ImageObject\",\"inLanguage\":\"it-IT\",\"@id\":\"https:\/\/www.sud-evasion.com\/it\/dipartimento-charente-maritime\/#primaryimage\",\"url\":\"https:\/\/www.sud-evasion.com\/wp-content\/uploads\/2023\/04\/line-bg-pattern.png\",\"contentUrl\":\"https:\/\/www.sud-evasion.com\/wp-content\/uploads\/2023\/04\/line-bg-pattern.png\"},{\"@type\":\"BreadcrumbList\",\"@id\":\"https:\/\/www.sud-evasion.com\/it\/dipartimento-charente-maritime\/#breadcrumb\",\"itemListElement\":[{\"@type\":\"ListItem\",\"position\":1,\"name\":\"Accueil\",\"item\":\"https:\/\/www.sud-evasion.com\/it\/accueil-3\/\"},{\"@type\":\"ListItem\",\"position\":2,\"name\":\"Dipartimento: Charente-Maritime\"}]},{\"@type\":\"WebSite\",\"@id\":\"https:\/\/www.sud-evasion.com\/it\/#website\",\"url\":\"https:\/\/www.sud-evasion.com\/it\/\",\"name\":\"Sud Evasion, Voyage en Randonn\u00e9e en Groupe\",\"description\":\"\",\"publisher\":{\"@id\":\"https:\/\/www.sud-evasion.com\/it\/#organization\"},\"potentialAction\":[{\"@type\":\"SearchAction\",\"target\":{\"@type\":\"EntryPoint\",\"urlTemplate\":\"https:\/\/www.sud-evasion.com\/it\/?s={search_term_string}\"},\"query-input\":{\"@type\":\"PropertyValueSpecification\",\"valueRequired\":true,\"valueName\":\"search_term_string\"}}],\"inLanguage\":\"it-IT\"},{\"@type\":\"Organization\",\"@id\":\"https:\/\/www.sud-evasion.com\/it\/#organization\",\"name\":\"Sud Evasion, Voyage en Randonn\u00e9e en Groupe\",\"url\":\"https:\/\/www.sud-evasion.com\/it\/\",\"logo\":{\"@type\":\"ImageObject\",\"inLanguage\":\"it-IT\",\"@id\":\"https:\/\/www.sud-evasion.com\/it\/#\/schema\/logo\/image\/\",\"url\":\"https:\/\/www.sud-evasion.com\/wp-content\/uploads\/2023\/03\/cropped-logo_sud_evasion_negatif-scaled-1.png\",\"contentUrl\":\"https:\/\/www.sud-evasion.com\/wp-content\/uploads\/2023\/03\/cropped-logo_sud_evasion_negatif-scaled-1.png\",\"width\":2559,\"height\":1340,\"caption\":\"Sud Evasion, Voyage en Randonn\u00e9e en Groupe\"},\"image\":{\"@id\":\"https:\/\/www.sud-evasion.com\/it\/#\/schema\/logo\/image\/\"}}]}<\/script>\n<!-- \/ Yoast SEO plugin. -->","yoast_head_json":{"title":"Dipartimento: Charente-Maritime","description":"D\u00e9partement : Charente-MaritimeSud EvasionNos s\u00e9jours individuels : d\u00e9part du 17","robots":{"index":"index","follow":"follow","max-snippet":"max-snippet:-1","max-image-preview":"max-image-preview:large","max-video-preview":"max-video-preview:-1"},"canonical":"https:\/\/www.sud-evasion.com\/it\/dipartimento-charente-maritime\/","og_locale":"it_IT","og_type":"article","og_title":"Dipartimento: Charente-Maritime","og_description":"D\u00e9partement : Charente-MaritimeSud EvasionNos s\u00e9jours individuels : d\u00e9part du 17","og_url":"https:\/\/www.sud-evasion.com\/it\/dipartimento-charente-maritime\/","og_site_name":"sud evasion","article_modified_time":"2025-12-01T09:30:02+00:00","og_image":[{"width":864,"height":864,"url":"https:\/\/www.sud-evasion.com\/wp-content\/uploads\/2023\/04\/line-bg-pattern.png","type":"image\/png"}],"twitter_card":"summary_large_image","schema":{"@context":"https:\/\/schema.org","@graph":[{"@type":"WebPage","@id":"https:\/\/www.sud-evasion.com\/it\/dipartimento-charente-maritime\/","url":"https:\/\/www.sud-evasion.com\/it\/dipartimento-charente-maritime\/","name":"Dipartimento: Charente-Maritime","isPartOf":{"@id":"https:\/\/www.sud-evasion.com\/it\/#website"},"primaryImageOfPage":{"@id":"https:\/\/www.sud-evasion.com\/it\/dipartimento-charente-maritime\/#primaryimage"},"image":{"@id":"https:\/\/www.sud-evasion.com\/it\/dipartimento-charente-maritime\/#primaryimage"},"thumbnailUrl":"https:\/\/www.sud-evasion.com\/wp-content\/uploads\/2023\/04\/line-bg-pattern.png","datePublished":"2024-07-18T13:06:33+00:00","dateModified":"2025-12-01T09:30:02+00:00","description":"D\u00e9partement : Charente-MaritimeSud EvasionNos s\u00e9jours individuels : d\u00e9part du 17","breadcrumb":{"@id":"https:\/\/www.sud-evasion.com\/it\/dipartimento-charente-maritime\/#breadcrumb"},"inLanguage":"it-IT","potentialAction":[{"@type":"ReadAction","target":["https:\/\/www.sud-evasion.com\/it\/dipartimento-charente-maritime\/"]}]},{"@type":"ImageObject","inLanguage":"it-IT","@id":"https:\/\/www.sud-evasion.com\/it\/dipartimento-charente-maritime\/#primaryimage","url":"https:\/\/www.sud-evasion.com\/wp-content\/uploads\/2023\/04\/line-bg-pattern.png","contentUrl":"https:\/\/www.sud-evasion.com\/wp-content\/uploads\/2023\/04\/line-bg-pattern.png"},{"@type":"BreadcrumbList","@id":"https:\/\/www.sud-evasion.com\/it\/dipartimento-charente-maritime\/#breadcrumb","itemListElement":[{"@type":"ListItem","position":1,"name":"Accueil","item":"https:\/\/www.sud-evasion.com\/it\/accueil-3\/"},{"@type":"ListItem","position":2,"name":"Dipartimento: Charente-Maritime"}]},{"@type":"WebSite","@id":"https:\/\/www.sud-evasion.com\/it\/#website","url":"https:\/\/www.sud-evasion.com\/it\/","name":"Sud Evasion, Voyage en Randonn\u00e9e en Groupe","description":"","publisher":{"@id":"https:\/\/www.sud-evasion.com\/it\/#organization"},"potentialAction":[{"@type":"SearchAction","target":{"@type":"EntryPoint","urlTemplate":"https:\/\/www.sud-evasion.com\/it\/?s={search_term_string}"},"query-input":{"@type":"PropertyValueSpecification","valueRequired":true,"valueName":"search_term_string"}}],"inLanguage":"it-IT"},{"@type":"Organization","@id":"https:\/\/www.sud-evasion.com\/it\/#organization","name":"Sud Evasion, Voyage en Randonn\u00e9e en Groupe","url":"https:\/\/www.sud-evasion.com\/it\/","logo":{"@type":"ImageObject","inLanguage":"it-IT","@id":"https:\/\/www.sud-evasion.com\/it\/#\/schema\/logo\/image\/","url":"https:\/\/www.sud-evasion.com\/wp-content\/uploads\/2023\/03\/cropped-logo_sud_evasion_negatif-scaled-1.png","contentUrl":"https:\/\/www.sud-evasion.com\/wp-content\/uploads\/2023\/03\/cropped-logo_sud_evasion_negatif-scaled-1.png","width":2559,"height":1340,"caption":"Sud Evasion, Voyage en Randonn\u00e9e en Groupe"},"image":{"@id":"https:\/\/www.sud-evasion.com\/it\/#\/schema\/logo\/image\/"}}]}},"_links":{"self":[{"href":"https:\/\/www.sud-evasion.com\/it\/wp-json\/wp\/v2\/pages\/10925","targetHints":{"allow":["GET"]}}],"collection":[{"href":"https:\/\/www.sud-evasion.com\/it\/wp-json\/wp\/v2\/pages"}],"about":[{"href":"https:\/\/www.sud-evasion.com\/it\/wp-json\/wp\/v2\/types\/page"}],"author":[{"embeddable":true,"href":"https:\/\/www.sud-evasion.com\/it\/wp-json\/wp\/v2\/users\/2"}],"replies":[{"embeddable":true,"href":"https:\/\/www.sud-evasion.com\/it\/wp-json\/wp\/v2\/comments?post=10925"}],"version-history":[{"count":1,"href":"https:\/\/www.sud-evasion.com\/it\/wp-json\/wp\/v2\/pages\/10925\/revisions"}],"predecessor-version":[{"id":10927,"href":"https:\/\/www.sud-evasion.com\/it\/wp-json\/wp\/v2\/pages\/10925\/revisions\/10927"}],"wp:attachment":[{"href":"https:\/\/www.sud-evasion.com\/it\/wp-json\/wp\/v2\/media?parent=10925"}],"curies":[{"name":"wp","href":"https:\/\/api.w.org\/{rel}","templated":true}]}}