{"id":11514,"date":"2024-06-04T10:51:01","date_gmt":"2024-06-04T08:51:01","guid":{"rendered":"https:\/\/www.sud-evasion.com\/aviso-legal\/"},"modified":"2025-12-01T10:47:22","modified_gmt":"2025-12-01T09:47:22","slug":"aviso-legal","status":"publish","type":"page","link":"https:\/\/www.sud-evasion.com\/es\/aviso-legal\/","title":{"rendered":"Aviso legal"},"content":{"rendered":"\n<h3 class=\"wp-block-heading\" id=\"cc-m-header-6327672511\">Propietario<\/h3>\n\n<p>Sud Evasion<br\/>BP 20014<br\/>84201 CARPENTRAS Cedex<br\/>Tel.: 04 90 60 15 00<br\/>SARL con un capital de 24.000 \u20ac<br\/>RC Carpentras B 950409193 \u2013 89 B 217 \u2013 APE 633 Z<br\/>SIRET: 950 409 193 00055 <\/p>\n\n<h3 class=\"wp-block-heading\" id=\"cc-m-header-6327673011\">Responsable de la redacci\u00f3n y publicaci\u00f3n<\/h3>\n\n<p>Sr. Girotto Michel &#8211; Sud Evasion<\/p>\n\n<h3 class=\"wp-block-heading\" id=\"cc-m-header-6340094611\">Proveedor de alojamiento<\/h3>\n\n<p>Jimdo GmbH<br\/>Stresemannstr.375<br\/>22761 Hamburg<br\/>Germany<br\/>team@jimdo.com<br\/>www.jimdo.com<br\/>Tel.: +49 40 &#8211; 8 22 44 997<br\/>Fax: +49 40 &#8211; 8 22 44 998<\/p>\n\n<h3 class=\"wp-block-heading\" id=\"cc-m-header-6340093911\">Datos personales<\/h3>\n\n<p>La informaci\u00f3n recopilada a trav\u00e9s de los formularios de este sitio web es objeto de tratamiento inform\u00e1tico destinado a Sud-Evasion.<\/p>\n\n<p>Para la(s) siguiente(s) finalidad(es): contacto con el cliente, env\u00edo de informaci\u00f3n a petici\u00f3n del cliente.<\/p>\n\n<p>El\/los destinatario(s) de los datos son: Sud-Evasion.<\/p>\n\n<p>De conformidad con la ley francesa de \u00abInform\u00e1tica y Libertades\u00bb del 6 de enero de 1978 modificada, usted tiene derecho a acceder y rectificar la informaci\u00f3n que le concierne. <\/p>\n\n<p>Puede acceder a la informaci\u00f3n que le concierne dirigi\u00e9ndose a: <a href=\"mailto:sudevasion@wanadoo.fr\">Sud-Evasion<\/a><\/p>\n\n<p>Tambi\u00e9n puede, por motivos leg\u00edtimos, oponerse al tratamiento de los datos que le conciernen.<\/p>\n\n<p>Para m\u00e1s informaci\u00f3n, consulte sus derechos en el sitio web de la CNIL.<\/p>\n","protected":false},"excerpt":{"rendered":"<p>Propietario Sud EvasionBP 2001484201 CARPENTRAS CedexTel.: 04 90 60 15 00SARL con un capital de 24.000 \u20acRC Carpentras B 950409193 \u2013 89 B 217 \u2013 APE 633 ZSIRET: 950 409 193 00055 Responsable de la redacci\u00f3n y publicaci\u00f3n Sr. Girotto Michel &#8211; Sud Evasion Proveedor de alojamiento Jimdo GmbHStresemannstr.37522761 HamburgGermanyteam@jimdo.comwww.jimdo.comTel.: +49 40 &#8211; 8 22 [&hellip;]<\/p>\n","protected":false},"author":1,"featured_media":0,"parent":0,"menu_order":0,"comment_status":"closed","ping_status":"closed","template":"","meta":{"footnotes":""},"class_list":["post-11514","page","type-page","status-publish","hentry"],"yoast_head":"<!-- This site is optimized with the Yoast SEO plugin v26.5 - https:\/\/yoast.com\/wordpress\/plugins\/seo\/ -->\n<title>Aviso legal<\/title>\n<meta name=\"description\" content=\"Propietario Sud EvasionBP 2001484201 CARPENTRAS CedexTel.: 04 90 60 15 00SARL con un capital de 24.000 \u20acRC Carpentras B 950409193 \u2013 89 B 217 \u2013 APE 633\" \/>\n<meta name=\"robots\" content=\"index, follow, max-snippet:-1, max-image-preview:large, max-video-preview:-1\" \/>\n<link rel=\"canonical\" href=\"https:\/\/www.sud-evasion.com\/es\/aviso-legal\/\" \/>\n<meta property=\"og:locale\" content=\"es_ES\" \/>\n<meta property=\"og:type\" content=\"article\" \/>\n<meta property=\"og:title\" content=\"Aviso legal\" \/>\n<meta property=\"og:description\" content=\"Propietario Sud EvasionBP 2001484201 CARPENTRAS CedexTel.: 04 90 60 15 00SARL con un capital de 24.000 \u20acRC Carpentras B 950409193 \u2013 89 B 217 \u2013 APE 633\" \/>\n<meta property=\"og:url\" content=\"https:\/\/www.sud-evasion.com\/es\/aviso-legal\/\" \/>\n<meta property=\"og:site_name\" content=\"sud evasion\" \/>\n<meta property=\"article:modified_time\" content=\"2025-12-01T09:47:22+00:00\" \/>\n<meta property=\"og:image\" content=\"https:\/\/www.sud-evasion.com\/wp-content\/uploads\/2024\/08\/AdobeStock_299692758-1-scaled-e1724423689687.jpeg\" \/>\n\t<meta property=\"og:image:width\" content=\"2560\" \/>\n\t<meta property=\"og:image:height\" content=\"1233\" \/>\n\t<meta property=\"og:image:type\" content=\"image\/jpeg\" \/>\n<meta name=\"twitter:card\" content=\"summary_large_image\" \/>\n<meta name=\"twitter:label1\" content=\"Tiempo de lectura\" \/>\n\t<meta name=\"twitter:data1\" content=\"1 minuto\" \/>\n<script type=\"application\/ld+json\" class=\"yoast-schema-graph\">{\"@context\":\"https:\/\/schema.org\",\"@graph\":[{\"@type\":\"WebPage\",\"@id\":\"https:\/\/www.sud-evasion.com\/es\/aviso-legal\/\",\"url\":\"https:\/\/www.sud-evasion.com\/es\/aviso-legal\/\",\"name\":\"Aviso legal\",\"isPartOf\":{\"@id\":\"https:\/\/www.sud-evasion.com\/es\/#website\"},\"datePublished\":\"2024-06-04T08:51:01+00:00\",\"dateModified\":\"2025-12-01T09:47:22+00:00\",\"description\":\"Propietario Sud EvasionBP 2001484201 CARPENTRAS CedexTel.: 04 90 60 15 00SARL con un capital de 24.000 \u20acRC Carpentras B 950409193 \u2013 89 B 217 \u2013 APE 633\",\"breadcrumb\":{\"@id\":\"https:\/\/www.sud-evasion.com\/es\/aviso-legal\/#breadcrumb\"},\"inLanguage\":\"es\",\"potentialAction\":[{\"@type\":\"ReadAction\",\"target\":[\"https:\/\/www.sud-evasion.com\/es\/aviso-legal\/\"]}]},{\"@type\":\"BreadcrumbList\",\"@id\":\"https:\/\/www.sud-evasion.com\/es\/aviso-legal\/#breadcrumb\",\"itemListElement\":[{\"@type\":\"ListItem\",\"position\":1,\"name\":\"Accueil\",\"item\":\"https:\/\/www.sud-evasion.com\/es\/accueil-3\/\"},{\"@type\":\"ListItem\",\"position\":2,\"name\":\"Aviso legal\"}]},{\"@type\":\"WebSite\",\"@id\":\"https:\/\/www.sud-evasion.com\/es\/#website\",\"url\":\"https:\/\/www.sud-evasion.com\/es\/\",\"name\":\"Sud Evasion, Voyage en Randonn\u00e9e en Groupe\",\"description\":\"\",\"publisher\":{\"@id\":\"https:\/\/www.sud-evasion.com\/es\/#organization\"},\"potentialAction\":[{\"@type\":\"SearchAction\",\"target\":{\"@type\":\"EntryPoint\",\"urlTemplate\":\"https:\/\/www.sud-evasion.com\/es\/?s={search_term_string}\"},\"query-input\":{\"@type\":\"PropertyValueSpecification\",\"valueRequired\":true,\"valueName\":\"search_term_string\"}}],\"inLanguage\":\"es\"},{\"@type\":\"Organization\",\"@id\":\"https:\/\/www.sud-evasion.com\/es\/#organization\",\"name\":\"Sud Evasion, Voyage en Randonn\u00e9e en Groupe\",\"url\":\"https:\/\/www.sud-evasion.com\/es\/\",\"logo\":{\"@type\":\"ImageObject\",\"inLanguage\":\"es\",\"@id\":\"https:\/\/www.sud-evasion.com\/es\/#\/schema\/logo\/image\/\",\"url\":\"https:\/\/www.sud-evasion.com\/wp-content\/uploads\/2023\/03\/cropped-logo_sud_evasion_negatif-scaled-1.png\",\"contentUrl\":\"https:\/\/www.sud-evasion.com\/wp-content\/uploads\/2023\/03\/cropped-logo_sud_evasion_negatif-scaled-1.png\",\"width\":2559,\"height\":1340,\"caption\":\"Sud Evasion, Voyage en Randonn\u00e9e en Groupe\"},\"image\":{\"@id\":\"https:\/\/www.sud-evasion.com\/es\/#\/schema\/logo\/image\/\"}}]}<\/script>\n<!-- \/ Yoast SEO plugin. -->","yoast_head_json":{"title":"Aviso legal","description":"Propietario Sud EvasionBP 2001484201 CARPENTRAS CedexTel.: 04 90 60 15 00SARL con un capital de 24.000 \u20acRC Carpentras B 950409193 \u2013 89 B 217 \u2013 APE 633","robots":{"index":"index","follow":"follow","max-snippet":"max-snippet:-1","max-image-preview":"max-image-preview:large","max-video-preview":"max-video-preview:-1"},"canonical":"https:\/\/www.sud-evasion.com\/es\/aviso-legal\/","og_locale":"es_ES","og_type":"article","og_title":"Aviso legal","og_description":"Propietario Sud EvasionBP 2001484201 CARPENTRAS CedexTel.: 04 90 60 15 00SARL con un capital de 24.000 \u20acRC Carpentras B 950409193 \u2013 89 B 217 \u2013 APE 633","og_url":"https:\/\/www.sud-evasion.com\/es\/aviso-legal\/","og_site_name":"sud evasion","article_modified_time":"2025-12-01T09:47:22+00:00","og_image":[{"width":2560,"height":1233,"url":"https:\/\/www.sud-evasion.com\/wp-content\/uploads\/2024\/08\/AdobeStock_299692758-1-scaled-e1724423689687.jpeg","type":"image\/jpeg"}],"twitter_card":"summary_large_image","twitter_misc":{"Tiempo de lectura":"1 minuto"},"schema":{"@context":"https:\/\/schema.org","@graph":[{"@type":"WebPage","@id":"https:\/\/www.sud-evasion.com\/es\/aviso-legal\/","url":"https:\/\/www.sud-evasion.com\/es\/aviso-legal\/","name":"Aviso legal","isPartOf":{"@id":"https:\/\/www.sud-evasion.com\/es\/#website"},"datePublished":"2024-06-04T08:51:01+00:00","dateModified":"2025-12-01T09:47:22+00:00","description":"Propietario Sud EvasionBP 2001484201 CARPENTRAS CedexTel.: 04 90 60 15 00SARL con un capital de 24.000 \u20acRC Carpentras B 950409193 \u2013 89 B 217 \u2013 APE 633","breadcrumb":{"@id":"https:\/\/www.sud-evasion.com\/es\/aviso-legal\/#breadcrumb"},"inLanguage":"es","potentialAction":[{"@type":"ReadAction","target":["https:\/\/www.sud-evasion.com\/es\/aviso-legal\/"]}]},{"@type":"BreadcrumbList","@id":"https:\/\/www.sud-evasion.com\/es\/aviso-legal\/#breadcrumb","itemListElement":[{"@type":"ListItem","position":1,"name":"Accueil","item":"https:\/\/www.sud-evasion.com\/es\/accueil-3\/"},{"@type":"ListItem","position":2,"name":"Aviso legal"}]},{"@type":"WebSite","@id":"https:\/\/www.sud-evasion.com\/es\/#website","url":"https:\/\/www.sud-evasion.com\/es\/","name":"Sud Evasion, Voyage en Randonn\u00e9e en Groupe","description":"","publisher":{"@id":"https:\/\/www.sud-evasion.com\/es\/#organization"},"potentialAction":[{"@type":"SearchAction","target":{"@type":"EntryPoint","urlTemplate":"https:\/\/www.sud-evasion.com\/es\/?s={search_term_string}"},"query-input":{"@type":"PropertyValueSpecification","valueRequired":true,"valueName":"search_term_string"}}],"inLanguage":"es"},{"@type":"Organization","@id":"https:\/\/www.sud-evasion.com\/es\/#organization","name":"Sud Evasion, Voyage en Randonn\u00e9e en Groupe","url":"https:\/\/www.sud-evasion.com\/es\/","logo":{"@type":"ImageObject","inLanguage":"es","@id":"https:\/\/www.sud-evasion.com\/es\/#\/schema\/logo\/image\/","url":"https:\/\/www.sud-evasion.com\/wp-content\/uploads\/2023\/03\/cropped-logo_sud_evasion_negatif-scaled-1.png","contentUrl":"https:\/\/www.sud-evasion.com\/wp-content\/uploads\/2023\/03\/cropped-logo_sud_evasion_negatif-scaled-1.png","width":2559,"height":1340,"caption":"Sud Evasion, Voyage en Randonn\u00e9e en Groupe"},"image":{"@id":"https:\/\/www.sud-evasion.com\/es\/#\/schema\/logo\/image\/"}}]}},"_links":{"self":[{"href":"https:\/\/www.sud-evasion.com\/es\/wp-json\/wp\/v2\/pages\/11514","targetHints":{"allow":["GET"]}}],"collection":[{"href":"https:\/\/www.sud-evasion.com\/es\/wp-json\/wp\/v2\/pages"}],"about":[{"href":"https:\/\/www.sud-evasion.com\/es\/wp-json\/wp\/v2\/types\/page"}],"author":[{"embeddable":true,"href":"https:\/\/www.sud-evasion.com\/es\/wp-json\/wp\/v2\/users\/1"}],"replies":[{"embeddable":true,"href":"https:\/\/www.sud-evasion.com\/es\/wp-json\/wp\/v2\/comments?post=11514"}],"version-history":[{"count":1,"href":"https:\/\/www.sud-evasion.com\/es\/wp-json\/wp\/v2\/pages\/11514\/revisions"}],"predecessor-version":[{"id":11517,"href":"https:\/\/www.sud-evasion.com\/es\/wp-json\/wp\/v2\/pages\/11514\/revisions\/11517"}],"wp:attachment":[{"href":"https:\/\/www.sud-evasion.com\/es\/wp-json\/wp\/v2\/media?parent=11514"}],"curies":[{"name":"wp","href":"https:\/\/api.w.org\/{rel}","templated":true}]}}