{"id":11402,"date":"2024-07-18T09:39:25","date_gmt":"2024-07-18T07:39:25","guid":{"rendered":"https:\/\/www.sud-evasion.com\/department-ain\/"},"modified":"2025-12-01T10:39:51","modified_gmt":"2025-12-01T09:39:51","slug":"department-ain","status":"publish","type":"page","link":"https:\/\/www.sud-evasion.com\/en\/department-ain\/","title":{"rendered":"Department: Ain"},"content":{"rendered":"\t\t<div data-elementor-type=\"wp-page\" data-elementor-id=\"11402\" class=\"elementor elementor-11402 elementor-3265\">\n\t\t\t\t\t\t<section class=\"elementor-section elementor-top-section elementor-element elementor-element-64009ff4 elementor-section-boxed elementor-section-height-default elementor-section-height-default\" data-id=\"64009ff4\" data-element_type=\"section\" data-settings=\"{&quot;wdt_bg_image&quot;:{&quot;url&quot;:&quot;&quot;,&quot;id&quot;:&quot;&quot;,&quot;size&quot;:&quot;&quot;},&quot;wdt_bg_image_laptop&quot;:{&quot;url&quot;:&quot;&quot;,&quot;id&quot;:&quot;&quot;,&quot;size&quot;:&quot;&quot;},&quot;wdt_bg_image_tablet_extra&quot;:{&quot;url&quot;:&quot;&quot;,&quot;id&quot;:&quot;&quot;,&quot;size&quot;:&quot;&quot;},&quot;wdt_bg_image_tablet&quot;:{&quot;url&quot;:&quot;&quot;,&quot;id&quot;:&quot;&quot;,&quot;size&quot;:&quot;&quot;},&quot;wdt_bg_image_mobile_extra&quot;:{&quot;url&quot;:&quot;&quot;,&quot;id&quot;:&quot;&quot;,&quot;size&quot;:&quot;&quot;},&quot;wdt_bg_image_mobile&quot;:{&quot;url&quot;:&quot;&quot;,&quot;id&quot;:&quot;&quot;,&quot;size&quot;:&quot;&quot;},&quot;wdt_bg_position&quot;:&quot;center center&quot;,&quot;wdt_animation_effect&quot;:&quot;none&quot;}\">\n\t\t\t\t\t\t<div class=\"elementor-container elementor-column-gap-default\">\n\t\t\t\t\t<div class=\"elementor-column elementor-col-100 elementor-top-column elementor-element elementor-element-1c7dd21\" data-id=\"1c7dd21\" data-element_type=\"column\">\n\t\t\t<div class=\"elementor-widget-wrap elementor-element-populated\">\n\t\t\t\t\t\t<div class=\"elementor-element elementor-element-c7558b4 elementor-widget elementor-widget-wdt-heading\" data-id=\"c7558b4\" data-element_type=\"widget\" data-settings=\"{&quot;wdt_animation_effect&quot;:&quot;none&quot;}\" data-widget_type=\"wdt-heading.default\">\n\t\t\t\t<div class=\"elementor-widget-container\">\n\t\t\t\t\t<div class=\"wdt-heading-holder \" id=\"wdt-heading-c7558b4\"><div class=\"wdt-heading-background-text-wrapper\"><div class=\"wdt-heading-background-text\">Travel<\/div><\/div><div class=\"wdt-heading-subtitle-wrapper wdt-heading-align-default-align \"><span class=\"wdt-heading-subtitle\">Sud Evasion<\/span><\/div><h2 class=\"wdt-heading-title-wrapper wdt-heading-align-default-align wdt-heading-deco-wrapper\"><span class=\"wdt-heading-title\">Nos s\u00e9jours individuels :  d\u00e9part du 01<\/span><\/h2><\/div>\t\t\t\t<\/div>\n\t\t\t\t<\/div>\n\t\t\t\t\t<\/div>\n\t\t<\/div>\n\t\t\t\t\t<\/div>\n\t\t<\/section>\n\t\t\t\t<section class=\"elementor-section elementor-top-section elementor-element elementor-element-3b5c967 elementor-section-full_width wdt-overflow-hidden elementor-section-height-default elementor-section-height-default\" data-id=\"3b5c967\" data-element_type=\"section\" data-settings=\"{&quot;wdt_bg_image&quot;:{&quot;url&quot;:&quot;&quot;,&quot;id&quot;:&quot;&quot;,&quot;size&quot;:&quot;&quot;},&quot;wdt_bg_image_laptop&quot;:{&quot;url&quot;:&quot;&quot;,&quot;id&quot;:&quot;&quot;,&quot;size&quot;:&quot;&quot;},&quot;wdt_bg_image_tablet_extra&quot;:{&quot;url&quot;:&quot;&quot;,&quot;id&quot;:&quot;&quot;,&quot;size&quot;:&quot;&quot;},&quot;wdt_bg_image_tablet&quot;:{&quot;url&quot;:&quot;&quot;,&quot;id&quot;:&quot;&quot;,&quot;size&quot;:&quot;&quot;},&quot;wdt_bg_image_mobile_extra&quot;:{&quot;url&quot;:&quot;&quot;,&quot;id&quot;:&quot;&quot;,&quot;size&quot;:&quot;&quot;},&quot;wdt_bg_image_mobile&quot;:{&quot;url&quot;:&quot;&quot;,&quot;id&quot;:&quot;&quot;,&quot;size&quot;:&quot;&quot;},&quot;wdt_bg_position&quot;:&quot;center center&quot;,&quot;wdt_animation_effect&quot;:&quot;none&quot;}\">\n\t\t\t\t\t\t<div class=\"elementor-container elementor-column-gap-no\">\n\t\t\t\t\t<div class=\"elementor-column elementor-col-100 elementor-top-column elementor-element elementor-element-f3cdfd3\" data-id=\"f3cdfd3\" data-element_type=\"column\">\n\t\t\t<div class=\"elementor-widget-wrap elementor-element-populated\">\n\t\t\t\t\t\t<div class=\"elementor-element elementor-element-95a59ae elementor-widget__width-initial layoutCenterWrapper elementor-widget elementor-widget-dtdr-widget-df-listings-listing\" data-id=\"95a59ae\" data-element_type=\"widget\" data-settings=\"{&quot;wdt_animation_effect&quot;:&quot;none&quot;}\" data-widget_type=\"dtdr-widget-df-listings-listing.default\">\n\t\t\t\t<div class=\"elementor-widget-container\">\n\t\t\t\t\t<div class=\"dtdr-listing-output-data-container dtdr-direct-list-items dtdr-listing-no-map \"  ><div class=\"dtdr-listing-output-data-holder\" data-type=\"type10\" data-gallery=\"featured_image\" data-postperpage=\"\" data-columns=\"3\" data-applyisotope=\"false\" data-isotopefilter=\"\" data-applychildof=\"true\" data-featureditems=\"false\" data-featuresimageoricon=\"image\" data-featuresinclude=\"\" data-noofcattodisplay=\"3\" data-nooffeaturestodisplay=\"4\" data-excerptlength=\"20\" data-applyequalheight=\"false\" data-customoptions=\"{&quot;ad_items&quot;:&quot;&quot;,&quot;ad_location&quot;:&quot;listing&quot;}\" data-listitemids=\"\" data-categoryids=\"134\" data-citiesids=\"\" data-neighborhoodsids=\"\" data-countiesstatesids=\"\" data-contracttypesids=\"\" data-tagids=\"\" data-countryid=\"\" data-sellerids=\"\" data-inchargeids=\"\"><\/div><div class=\"dtdr-ajax-load-image \" style=\"display:none;\">\n\t\t\t\t\t\t<div class=\"dtdr-loader-inner\">\n\t\t\t\t\t\t<\/div>\n\t\t\t\t\t<\/div><\/div>\t\t\t\t<\/div>\n\t\t\t\t<\/div>\n\t\t\t\t\t<\/div>\n\t\t<\/div>\n\t\t\t\t\t<\/div>\n\t\t<\/section>\n\t\t\t\t<\/div>\n\t\t","protected":false},"excerpt":{"rendered":"<p>D\u00e9partement : AinSud Evasion Nos s\u00e9jours individuels : d\u00e9part du 01<\/p>\n","protected":false},"author":1,"featured_media":0,"parent":0,"menu_order":0,"comment_status":"closed","ping_status":"closed","template":"elementor_header_footer","meta":{"footnotes":""},"class_list":["post-11402","page","type-page","status-publish","hentry"],"yoast_head":"<!-- This site is optimized with the Yoast SEO plugin v26.5 - https:\/\/yoast.com\/wordpress\/plugins\/seo\/ -->\n<title>Department: Ain<\/title>\n<meta name=\"description\" content=\"D\u00e9partement : AinSud EvasionNos s\u00e9jours individuels : d\u00e9part du 01\" \/>\n<meta name=\"robots\" content=\"index, follow, max-snippet:-1, max-image-preview:large, max-video-preview:-1\" \/>\n<link rel=\"canonical\" href=\"https:\/\/www.sud-evasion.com\/en\/department-ain\/\" \/>\n<meta property=\"og:locale\" content=\"en_US\" \/>\n<meta property=\"og:type\" content=\"article\" \/>\n<meta property=\"og:title\" content=\"Department: Ain\" \/>\n<meta property=\"og:description\" content=\"D\u00e9partement : AinSud EvasionNos s\u00e9jours individuels : d\u00e9part du 01\" \/>\n<meta property=\"og:url\" content=\"https:\/\/www.sud-evasion.com\/en\/department-ain\/\" \/>\n<meta property=\"og:site_name\" content=\"sud evasion\" \/>\n<meta property=\"article:modified_time\" content=\"2025-12-01T09:39:51+00:00\" \/>\n<meta property=\"og:image\" content=\"https:\/\/www.sud-evasion.com\/wp-content\/uploads\/2024\/08\/AdobeStock_299692758-1-scaled-e1724423689687.jpeg\" \/>\n\t<meta property=\"og:image:width\" content=\"2560\" \/>\n\t<meta property=\"og:image:height\" content=\"1233\" \/>\n\t<meta property=\"og:image:type\" content=\"image\/jpeg\" \/>\n<meta name=\"twitter:card\" content=\"summary_large_image\" \/>\n<script type=\"application\/ld+json\" class=\"yoast-schema-graph\">{\"@context\":\"https:\/\/schema.org\",\"@graph\":[{\"@type\":\"WebPage\",\"@id\":\"https:\/\/www.sud-evasion.com\/en\/department-ain\/\",\"url\":\"https:\/\/www.sud-evasion.com\/en\/department-ain\/\",\"name\":\"Department: Ain\",\"isPartOf\":{\"@id\":\"https:\/\/www.sud-evasion.com\/en\/#website\"},\"datePublished\":\"2024-07-18T07:39:25+00:00\",\"dateModified\":\"2025-12-01T09:39:51+00:00\",\"description\":\"D\u00e9partement : AinSud EvasionNos s\u00e9jours individuels : d\u00e9part du 01\",\"breadcrumb\":{\"@id\":\"https:\/\/www.sud-evasion.com\/en\/department-ain\/#breadcrumb\"},\"inLanguage\":\"en-US\",\"potentialAction\":[{\"@type\":\"ReadAction\",\"target\":[\"https:\/\/www.sud-evasion.com\/en\/department-ain\/\"]}]},{\"@type\":\"BreadcrumbList\",\"@id\":\"https:\/\/www.sud-evasion.com\/en\/department-ain\/#breadcrumb\",\"itemListElement\":[{\"@type\":\"ListItem\",\"position\":1,\"name\":\"Accueil\",\"item\":\"https:\/\/www.sud-evasion.com\/en\/accueil-3\/\"},{\"@type\":\"ListItem\",\"position\":2,\"name\":\"Department: Ain\"}]},{\"@type\":\"WebSite\",\"@id\":\"https:\/\/www.sud-evasion.com\/en\/#website\",\"url\":\"https:\/\/www.sud-evasion.com\/en\/\",\"name\":\"Sud Evasion, Voyage en Randonn\u00e9e en Groupe\",\"description\":\"\",\"publisher\":{\"@id\":\"https:\/\/www.sud-evasion.com\/en\/#organization\"},\"potentialAction\":[{\"@type\":\"SearchAction\",\"target\":{\"@type\":\"EntryPoint\",\"urlTemplate\":\"https:\/\/www.sud-evasion.com\/en\/?s={search_term_string}\"},\"query-input\":{\"@type\":\"PropertyValueSpecification\",\"valueRequired\":true,\"valueName\":\"search_term_string\"}}],\"inLanguage\":\"en-US\"},{\"@type\":\"Organization\",\"@id\":\"https:\/\/www.sud-evasion.com\/en\/#organization\",\"name\":\"Sud Evasion, Voyage en Randonn\u00e9e en Groupe\",\"url\":\"https:\/\/www.sud-evasion.com\/en\/\",\"logo\":{\"@type\":\"ImageObject\",\"inLanguage\":\"en-US\",\"@id\":\"https:\/\/www.sud-evasion.com\/en\/#\/schema\/logo\/image\/\",\"url\":\"https:\/\/www.sud-evasion.com\/wp-content\/uploads\/2023\/03\/cropped-logo_sud_evasion_negatif-scaled-1.png\",\"contentUrl\":\"https:\/\/www.sud-evasion.com\/wp-content\/uploads\/2023\/03\/cropped-logo_sud_evasion_negatif-scaled-1.png\",\"width\":2559,\"height\":1340,\"caption\":\"Sud Evasion, Voyage en Randonn\u00e9e en Groupe\"},\"image\":{\"@id\":\"https:\/\/www.sud-evasion.com\/en\/#\/schema\/logo\/image\/\"}}]}<\/script>\n<!-- \/ Yoast SEO plugin. -->","yoast_head_json":{"title":"Department: Ain","description":"D\u00e9partement : AinSud EvasionNos s\u00e9jours individuels : d\u00e9part du 01","robots":{"index":"index","follow":"follow","max-snippet":"max-snippet:-1","max-image-preview":"max-image-preview:large","max-video-preview":"max-video-preview:-1"},"canonical":"https:\/\/www.sud-evasion.com\/en\/department-ain\/","og_locale":"en_US","og_type":"article","og_title":"Department: Ain","og_description":"D\u00e9partement : AinSud EvasionNos s\u00e9jours individuels : d\u00e9part du 01","og_url":"https:\/\/www.sud-evasion.com\/en\/department-ain\/","og_site_name":"sud evasion","article_modified_time":"2025-12-01T09:39:51+00:00","og_image":[{"width":2560,"height":1233,"url":"https:\/\/www.sud-evasion.com\/wp-content\/uploads\/2024\/08\/AdobeStock_299692758-1-scaled-e1724423689687.jpeg","type":"image\/jpeg"}],"twitter_card":"summary_large_image","schema":{"@context":"https:\/\/schema.org","@graph":[{"@type":"WebPage","@id":"https:\/\/www.sud-evasion.com\/en\/department-ain\/","url":"https:\/\/www.sud-evasion.com\/en\/department-ain\/","name":"Department: Ain","isPartOf":{"@id":"https:\/\/www.sud-evasion.com\/en\/#website"},"datePublished":"2024-07-18T07:39:25+00:00","dateModified":"2025-12-01T09:39:51+00:00","description":"D\u00e9partement : AinSud EvasionNos s\u00e9jours individuels : d\u00e9part du 01","breadcrumb":{"@id":"https:\/\/www.sud-evasion.com\/en\/department-ain\/#breadcrumb"},"inLanguage":"en-US","potentialAction":[{"@type":"ReadAction","target":["https:\/\/www.sud-evasion.com\/en\/department-ain\/"]}]},{"@type":"BreadcrumbList","@id":"https:\/\/www.sud-evasion.com\/en\/department-ain\/#breadcrumb","itemListElement":[{"@type":"ListItem","position":1,"name":"Accueil","item":"https:\/\/www.sud-evasion.com\/en\/accueil-3\/"},{"@type":"ListItem","position":2,"name":"Department: Ain"}]},{"@type":"WebSite","@id":"https:\/\/www.sud-evasion.com\/en\/#website","url":"https:\/\/www.sud-evasion.com\/en\/","name":"Sud Evasion, Voyage en Randonn\u00e9e en Groupe","description":"","publisher":{"@id":"https:\/\/www.sud-evasion.com\/en\/#organization"},"potentialAction":[{"@type":"SearchAction","target":{"@type":"EntryPoint","urlTemplate":"https:\/\/www.sud-evasion.com\/en\/?s={search_term_string}"},"query-input":{"@type":"PropertyValueSpecification","valueRequired":true,"valueName":"search_term_string"}}],"inLanguage":"en-US"},{"@type":"Organization","@id":"https:\/\/www.sud-evasion.com\/en\/#organization","name":"Sud Evasion, Voyage en Randonn\u00e9e en Groupe","url":"https:\/\/www.sud-evasion.com\/en\/","logo":{"@type":"ImageObject","inLanguage":"en-US","@id":"https:\/\/www.sud-evasion.com\/en\/#\/schema\/logo\/image\/","url":"https:\/\/www.sud-evasion.com\/wp-content\/uploads\/2023\/03\/cropped-logo_sud_evasion_negatif-scaled-1.png","contentUrl":"https:\/\/www.sud-evasion.com\/wp-content\/uploads\/2023\/03\/cropped-logo_sud_evasion_negatif-scaled-1.png","width":2559,"height":1340,"caption":"Sud Evasion, Voyage en Randonn\u00e9e en Groupe"},"image":{"@id":"https:\/\/www.sud-evasion.com\/en\/#\/schema\/logo\/image\/"}}]}},"_links":{"self":[{"href":"https:\/\/www.sud-evasion.com\/en\/wp-json\/wp\/v2\/pages\/11402","targetHints":{"allow":["GET"]}}],"collection":[{"href":"https:\/\/www.sud-evasion.com\/en\/wp-json\/wp\/v2\/pages"}],"about":[{"href":"https:\/\/www.sud-evasion.com\/en\/wp-json\/wp\/v2\/types\/page"}],"author":[{"embeddable":true,"href":"https:\/\/www.sud-evasion.com\/en\/wp-json\/wp\/v2\/users\/1"}],"replies":[{"embeddable":true,"href":"https:\/\/www.sud-evasion.com\/en\/wp-json\/wp\/v2\/comments?post=11402"}],"version-history":[{"count":1,"href":"https:\/\/www.sud-evasion.com\/en\/wp-json\/wp\/v2\/pages\/11402\/revisions"}],"predecessor-version":[{"id":11405,"href":"https:\/\/www.sud-evasion.com\/en\/wp-json\/wp\/v2\/pages\/11402\/revisions\/11405"}],"wp:attachment":[{"href":"https:\/\/www.sud-evasion.com\/en\/wp-json\/wp\/v2\/media?parent=11402"}],"curies":[{"name":"wp","href":"https:\/\/api.w.org\/{rel}","templated":true}]}}